{"id":385,"date":"2023-03-06T22:44:53","date_gmt":"2023-03-06T21:44:53","guid":{"rendered":"https:\/\/ww2.pinsaguelcycloclub.fr\/?page_id=385"},"modified":"2023-03-06T22:44:53","modified_gmt":"2023-03-06T21:44:53","slug":"charte-du-licencie","status":"publish","type":"page","link":"https:\/\/ww2.pinsaguelcycloclub.fr\/index.php\/charte-du-licencie\/","title":{"rendered":"Charte du Licenci\u00e9"},"content":{"rendered":"\n<p><strong>Chaque licenci\u00e9 du Pinsaguel Cyclo Club adh\u00e8re aux principes qui permettent la pratique collective du v\u00e9lo dans les meilleures conditions au sein de son club.<\/strong><\/p>\n\n\n\n<p><strong>Il se fait un devoir de :<\/strong><\/p>\n\n\n\n<p><strong>&#8211; Acheter le maillot du club lors de son adh\u00e9sion.<\/strong><\/p>\n\n\n\n<p><strong>&#8211; Porter le plus souvent possible le maillot du club ; syst\u00e9matiquement lors des cyclosportives, des concentrations cyclotouristes et des TGVs.<\/strong><\/p>\n\n\n\n<p><strong>&#8211; Participer aux concentrations cyclotouristes inscrites au calendrier du club.<\/strong><\/p>\n\n\n\n<p><strong>&#8211; Suivre l\u2019itin\u00e9raire des parcours propos\u00e9s lors des sorties club du dimanche.<\/strong><\/p>\n\n\n\n<p><strong>&#8211; Respecter le code de la route et les autres usagers de la route.<\/strong><\/p>\n\n\n\n<p><strong>&#8211; Porter le casque.<\/strong><\/p>\n\n\n\n<p><strong>&#8211; Maintenir un comportement d\u2019extr\u00eame prudence dans son groupe cycliste.<\/strong><\/p>\n\n\n\n<p><strong>&#8211; Faire preuve de solidarit\u00e9 envers ses compagnons de route.<\/strong><\/p>\n\n\n\n<p><strong>&#8211; Contribuer \u00e0 l\u2019organisation de la randonn\u00e9e du Pinsaguel Cyclo Club<\/strong><br><strong>(pr\u00e9paration, encadrement ou animation de la manifestation), en r\u00e9servant, dans la mesure du possible, la matin\u00e9e du dimanche \u00e0 cet effet.<\/strong><\/p>\n\n\n\n<p><strong>&#8211; Participer \u00e0 l\u2019Assembl\u00e9e G\u00e9n\u00e9rale annuelle dans le but de s\u2019exprimer sur le fonctionnement et les activit\u00e9s du club ; le cas \u00e9ch\u00e9ant \u00e9mettre des propositions.<\/strong><\/p>\n\n\n\n<p><strong>&#8211; Garder cet \u00e9tat d\u2019esprit, qui fait du Pinsaguel Cyclo Club une grande famille, o\u00f9 tout le monde prend plaisir \u00e0 se retrouver.<\/strong><\/p>\n\n\n\n<p><strong>Ne demande pas ce que ton pays peut faire pour toi, demande ce que tu peux faire pour ton pays<\/strong><br><strong>(J.F. Kennedy)<\/strong><\/p>\n","protected":false},"excerpt":{"rendered":"<p>Chaque licenci\u00e9 du Pinsaguel Cyclo Club adh\u00e8re aux principes qui permettent la pratique collective du v\u00e9lo dans les meilleures conditions au sein de son club. Il se fait un devoir de : &#8211; Acheter le maillot du club lors de son adh\u00e9sion. &#8211; Porter le plus souvent possible le maillot du club ; syst\u00e9matiquement lors [&hellip;]<\/p>\n","protected":false},"author":1,"featured_media":0,"parent":0,"menu_order":0,"comment_status":"closed","ping_status":"closed","template":"","meta":{"footnotes":""},"class_list":["post-385","page","type-page","status-publish","hentry"],"_links":{"self":[{"href":"https:\/\/ww2.pinsaguelcycloclub.fr\/index.php\/wp-json\/wp\/v2\/pages\/385","targetHints":{"allow":["GET"]}}],"collection":[{"href":"https:\/\/ww2.pinsaguelcycloclub.fr\/index.php\/wp-json\/wp\/v2\/pages"}],"about":[{"href":"https:\/\/ww2.pinsaguelcycloclub.fr\/index.php\/wp-json\/wp\/v2\/types\/page"}],"author":[{"embeddable":true,"href":"https:\/\/ww2.pinsaguelcycloclub.fr\/index.php\/wp-json\/wp\/v2\/users\/1"}],"replies":[{"embeddable":true,"href":"https:\/\/ww2.pinsaguelcycloclub.fr\/index.php\/wp-json\/wp\/v2\/comments?post=385"}],"version-history":[{"count":1,"href":"https:\/\/ww2.pinsaguelcycloclub.fr\/index.php\/wp-json\/wp\/v2\/pages\/385\/revisions"}],"predecessor-version":[{"id":387,"href":"https:\/\/ww2.pinsaguelcycloclub.fr\/index.php\/wp-json\/wp\/v2\/pages\/385\/revisions\/387"}],"wp:attachment":[{"href":"https:\/\/ww2.pinsaguelcycloclub.fr\/index.php\/wp-json\/wp\/v2\/media?parent=385"}],"curies":[{"name":"wp","href":"https:\/\/api.w.org\/{rel}","templated":true}]}}