{"id":123,"date":"2021-10-31T11:46:18","date_gmt":"2021-10-31T10:46:18","guid":{"rendered":"https:\/\/ww2.pinsaguelcycloclub.fr\/?page_id=123"},"modified":"2026-05-02T15:58:22","modified_gmt":"2026-05-02T13:58:22","slug":"sorties","status":"publish","type":"page","link":"https:\/\/ww2.pinsaguelcycloclub.fr\/index.php\/sorties\/","title":{"rendered":"Sorties Club"},"content":{"rendered":"\n<p><strong>D\u00e9part centre de Pinsaguel &#8211; Place du march\u00e9<\/strong><\/p>\n\n\n\n<figure class=\"wp-block-table\"><table><tbody><tr><td><\/td><td><strong>Mai et septembre<\/strong><\/td><td><strong>Juin juillet ao\u00fbt<\/strong><\/td><td><strong>De octobre \u00e0 avril<\/strong><\/td><\/tr><tr><td>Dimanche et<br>jours f\u00e9ri\u00e9s<\/td><td>8h30<\/td><td>8h<\/td><td>9h<\/td><\/tr><tr><td>Lundi et<br>Vendredi<br>VTTT<\/td><td>9h00<\/td><td>9h<\/td><td>13h30<\/td><\/tr><tr><td>Mardi<\/td><td>8h30<\/td><td>8h<\/td><td>13h30<\/td><\/tr><tr><td>Mercredi<br>VTT Electrique et<br>Gravel<\/td><td>9h00<\/td><td>9h<\/td><td>13h30<\/td><\/tr><tr><td>Jeudi<\/td><td>8h30<\/td><td>8h<\/td><td>13h30<\/td><\/tr><tr><td>Samedi<\/td><td>13h30<\/td><td>13h30<\/td><td>13h30<\/td><\/tr><\/tbody><\/table><\/figure>\n\n\n\n<p><strong>VTTT : VTT Tranquille, aussi appel\u00e9 VTT \u00ab\u00a0piste verte\u00a0\u00bb<\/strong><\/p>\n\n\n\n<p><strong>ATTENTION : L&rsquo;\u00e9t\u00e9 les horaires peuvent changer<\/strong><\/p>\n\n\n\n<p><strong>Randos Cyclotourisme : D\u00e9part v\u00e9lo 8h sur le site de la rando<\/strong><\/p>\n\n\n\n<p><\/p>\n","protected":false},"excerpt":{"rendered":"<p>D\u00e9part centre de Pinsaguel &#8211; Place du march\u00e9 Mai et septembre Juin juillet ao\u00fbt De octobre \u00e0 avril Dimanche etjours f\u00e9ri\u00e9s 8h30 8h 9h Lundi etVendrediVTTT 9h00 9h 13h30 Mardi 8h30 8h 13h30 MercrediVTT Electrique etGravel 9h00 9h 13h30 Jeudi 8h30 8h 13h30 Samedi 13h30 13h30 13h30 VTTT : VTT Tranquille, aussi appel\u00e9 VTT \u00ab\u00a0piste [&hellip;]<\/p>\n","protected":false},"author":1,"featured_media":0,"parent":0,"menu_order":0,"comment_status":"closed","ping_status":"closed","template":"","meta":{"footnotes":""},"class_list":["post-123","page","type-page","status-publish","hentry"],"_links":{"self":[{"href":"https:\/\/ww2.pinsaguelcycloclub.fr\/index.php\/wp-json\/wp\/v2\/pages\/123","targetHints":{"allow":["GET"]}}],"collection":[{"href":"https:\/\/ww2.pinsaguelcycloclub.fr\/index.php\/wp-json\/wp\/v2\/pages"}],"about":[{"href":"https:\/\/ww2.pinsaguelcycloclub.fr\/index.php\/wp-json\/wp\/v2\/types\/page"}],"author":[{"embeddable":true,"href":"https:\/\/ww2.pinsaguelcycloclub.fr\/index.php\/wp-json\/wp\/v2\/users\/1"}],"replies":[{"embeddable":true,"href":"https:\/\/ww2.pinsaguelcycloclub.fr\/index.php\/wp-json\/wp\/v2\/comments?post=123"}],"version-history":[{"count":8,"href":"https:\/\/ww2.pinsaguelcycloclub.fr\/index.php\/wp-json\/wp\/v2\/pages\/123\/revisions"}],"predecessor-version":[{"id":586,"href":"https:\/\/ww2.pinsaguelcycloclub.fr\/index.php\/wp-json\/wp\/v2\/pages\/123\/revisions\/586"}],"wp:attachment":[{"href":"https:\/\/ww2.pinsaguelcycloclub.fr\/index.php\/wp-json\/wp\/v2\/media?parent=123"}],"curies":[{"name":"wp","href":"https:\/\/api.w.org\/{rel}","templated":true}]}}